{"id":6556,"date":"2022-04-14T08:22:08","date_gmt":"2022-04-14T08:22:08","guid":{"rendered":"https:\/\/www.freelenstv.com\/?page_id=6556"},"modified":"2022-06-28T13:44:53","modified_gmt":"2022-06-28T13:44:53","slug":"transmissions","status":"publish","type":"page","link":"https:\/\/www.freelenstv.com\/en\/transmissions\/","title":{"rendered":"Transmissions"},"content":{"rendered":"<div id=\"fws_69fb2fe75a50f\"  data-column-margin=\"default\" data-midnight=\"dark\" data-top-percent=\"7%\" data-bottom-percent=\"6%\"  data-bg-mobile-hidden=\"true\" class=\"wpb_row vc_row-fluid vc_row full-width-section vc_row-o-equal-height vc_row-flex vc_row-o-content-middle\"  style=\"padding-top: calc(100vw * 0.07); padding-bottom: calc(100vw * 0.06); \"><div class=\"row-bg-wrap\" data-bg-animation=\"none\" data-bg-overlay=\"false\"><div class=\"inner-wrap using-image\"><div class=\"row-bg viewport-desktop using-image\"  style=\"background-image: url(https:\/\/www.freelenstv.com\/wp-content\/uploads\/2022\/06\/FreeLens-Logo-Gauche-.jpg); background-position: center center; background-repeat: no-repeat; \"><\/div><\/div><\/div><div class=\"row_col_wrap_12 col span_12 dark left\">\n\t<div  class=\"vc_col-sm-2 wpb_column column_container vc_column_container col no-extra-padding inherit_tablet inherit_phone\"  data-padding-pos=\"all\" data-has-bg-color=\"false\" data-bg-color=\"\" data-bg-opacity=\"1\" data-animation=\"\" data-delay=\"0\" >\n\t\t<div class=\"vc_column-inner\" >\n\t\t\t<div class=\"wpb_wrapper\">\n\t\t\t\t\n\t\t\t<\/div> \n\t\t<\/div>\n\t<\/div> \n\n\t<div  class=\"vc_col-sm-8 wpb_column column_container vc_column_container col has-animation no-extra-padding inherit_tablet inherit_phone\"  data-padding-pos=\"all\" data-has-bg-color=\"false\" data-bg-color=\"\" data-bg-opacity=\"1\" data-animation=\"reveal-from-right\" data-delay=\"0\" >\n\t\t<div class=\"vc_column-inner\" >\n\t\t\t<div class=\"wpb_wrapper\">\n\t\t\t\t\n<div class=\"wpb_text_column wpb_content_element\" >\n\t<div class=\"wpb_wrapper\">\n\t\t<div class=\"page\" title=\"Page 1\">\n<div class=\"section\">\n<div class=\"layoutArea\">\n<div class=\"column\">\n<h2>Equipped with satellite antennas since the 1990s, FreeLens has transmitted major events that have marked the history of recent years.<\/h2>\n<\/div>\n<\/div>\n<\/div>\n<\/div>\n\t<\/div>\n<\/div>\n\n\n\n<div class=\"divider-wrap\" data-alignment=\"default\"><div style=\"height: 40px;\" class=\"divider\"><\/div><\/div>\n\t\t\t<\/div> \n\t\t<\/div>\n\t<\/div> \n\n\t<div  class=\"vc_col-sm-2 wpb_column column_container vc_column_container col no-extra-padding inherit_tablet inherit_phone\"  data-padding-pos=\"all\" data-has-bg-color=\"false\" data-bg-color=\"\" data-bg-opacity=\"1\" data-animation=\"\" data-delay=\"0\" >\n\t\t<div class=\"vc_column-inner\" >\n\t\t\t<div class=\"wpb_wrapper\">\n\t\t\t\t\n\t\t\t<\/div> \n\t\t<\/div>\n\t<\/div> \n<\/div><\/div>\n\t\t<div id=\"fws_69fb2fe75b6ab\"  data-column-margin=\"default\" data-midnight=\"dark\" data-bottom-percent=\"7%\"  class=\"wpb_row vc_row-fluid vc_row full-width-section vc_row-o-equal-height vc_row-flex vc_row-o-content-middle\"  style=\"padding-top: 0px; padding-bottom: calc(100vw * 0.07); \"><div class=\"row-bg-wrap\" data-bg-animation=\"none\" data-bg-overlay=\"false\"><div class=\"inner-wrap\"><div class=\"row-bg viewport-desktop\"  style=\"\"><\/div><\/div><\/div><div class=\"row_col_wrap_12 col span_12 dark left\">\n\t<div  class=\"vc_col-sm-2 wpb_column column_container vc_column_container col no-extra-padding inherit_tablet inherit_phone\"  data-padding-pos=\"all\" data-has-bg-color=\"false\" data-bg-color=\"\" data-bg-opacity=\"1\" data-animation=\"\" data-delay=\"0\" >\n\t\t<div class=\"vc_column-inner\" >\n\t\t\t<div class=\"wpb_wrapper\">\n\t\t\t\t\n\t\t\t<\/div> \n\t\t<\/div>\n\t<\/div> \n\n\t<div  class=\"vc_col-sm-8 wpb_column column_container vc_column_container col has-animation no-extra-padding inherit_tablet inherit_phone\"  data-padding-pos=\"all\" data-has-bg-color=\"false\" data-bg-color=\"\" data-bg-opacity=\"1\" data-animation=\"reveal-from-right\" data-delay=\"0\" >\n\t\t<div class=\"vc_column-inner\" >\n\t\t\t<div class=\"wpb_wrapper\">\n\t\t\t\t\n<div class=\"wpb_text_column wpb_content_element\" >\n\t<div class=\"wpb_wrapper\">\n\t\t<div class=\"page\" title=\"Page 1\">\n<div class=\"section\">\n<div class=\"layoutArea\">\n<div class=\"column\">\n<p>Presidential elections in France, the funeral of Nelson Mandela in South Africa, Operation Serval in Mali, the war in Iraq, the earthquake in Haiti, the anniversary of the Normandy landings, the funerals of Johnny Halliday and Jacques Chirac, the entry of Simone Weil into the Pantheon... Through these large-scale productions, FreeLens has acquired unique expertise in ensuring the transmission of all types of events.<\/p>\n<\/div>\n<\/div>\n<\/div>\n<\/div>\n\t<\/div>\n<\/div>\n\n\n\n\n\t\t\t<\/div> \n\t\t<\/div>\n\t<\/div> \n\n\t<div  class=\"vc_col-sm-2 wpb_column column_container vc_column_container col no-extra-padding inherit_tablet inherit_phone\"  data-padding-pos=\"all\" data-has-bg-color=\"false\" data-bg-color=\"\" data-bg-opacity=\"1\" data-animation=\"\" data-delay=\"0\" >\n\t\t<div class=\"vc_column-inner\" >\n\t\t\t<div class=\"wpb_wrapper\">\n\t\t\t\t\n\t\t\t<\/div> \n\t\t<\/div>\n\t<\/div> \n<\/div><\/div>\n\t\t<div id=\"fws_69fb2fe75c38a\"  data-column-margin=\"default\" data-midnight=\"dark\"  class=\"wpb_row vc_row-fluid vc_row full-width-content vc_row-o-equal-height vc_row-flex vc_row-o-content-middle parallax_section\"  style=\"padding-top: 0px; padding-bottom: 0px; \"><div class=\"row-bg-wrap\" data-bg-animation=\"none\" data-bg-overlay=\"false\"><div class=\"inner-wrap\"><div class=\"row-bg viewport-desktop\" data-parallax-speed=\"fast\" style=\"\"><\/div><\/div><\/div><div class=\"row_col_wrap_12 col span_12 dark left\">\n\t<div  class=\"vc_col-sm-12 wpb_column column_container vc_column_container col has-animation no-extra-padding inherit_tablet inherit_phone\"  data-padding-pos=\"all\" data-has-bg-color=\"false\" data-bg-color=\"\" data-bg-opacity=\"1\" data-animation=\"fade-in\" data-delay=\"0\" >\n\t\t<div class=\"vc_column-inner\" >\n\t\t\t<div class=\"wpb_wrapper\">\n\t\t\t\t\n\t<div class=\"wpb_raw_code wpb_content_element wpb_raw_html\" >\n\t\t<div class=\"wpb_wrapper\">\n\t\t\t<div style=\"padding-bottom: 42%; overflow: hidden; position: relative;\"><iframe loading=\"lazy\" src=\"https:\/\/player.vimeo.com\/video\/720197366?h=e27a04f400&background=1&autoplay=1\" width=\"100%\" height=\"auto\" frameborder=\"0\" allow=\"autoplay; fullscreen; picture-in-picture\" allowfullscreen style=\"position: absolute;top: 50%;left: 50%;transform: translate(-50%, -50%);\"><\/iframe><\/div>\n\t\t<\/div>\n\t<\/div>\n\n\t\t\t<\/div> \n\t\t<\/div>\n\t<\/div> \n<\/div><\/div>\n\t\t<div id=\"expertises\"  data-column-margin=\"default\" data-midnight=\"dark\" data-top-percent=\"5%\"  class=\"wpb_row vc_row-fluid vc_row full-width-section vc_row-o-equal-height vc_row-flex vc_row-o-content-middle  top_padding_phone_0px bottom_padding_phone_0px right_padding_phone_0px left_padding_phone_0px\"  style=\"padding-top: calc(100vw * 0.05); padding-bottom: 0px; \"><div class=\"row-bg-wrap\" data-bg-animation=\"none\" data-bg-overlay=\"false\"><div class=\"inner-wrap\"><div class=\"row-bg viewport-desktop\"  style=\"\"><\/div><\/div><\/div><div class=\"row_col_wrap_12 col span_12 dark left\">\n\t<div style=\"margin-top: 30px; \" class=\"vc_col-sm-6 vc_col-xs-12 wpb_column column_container vc_column_container col has-animation no-extra-padding right_margin_phone_0px left_margin_phone_0px inherit_tablet no-extra-padding_phone\"  data-padding-pos=\"left-right\" data-has-bg-color=\"false\" data-bg-color=\"\" data-bg-opacity=\"1\" data-animation=\"reveal-from-right\" data-delay=\"0\" >\n\t\t<div class=\"vc_column-inner\" >\n\t\t\t<div class=\"wpb_wrapper\">\n\t\t\t\t\n<div class=\"wpb_text_column wpb_content_element\" >\n\t<div class=\"wpb_wrapper\">\n\t\t<div class=\"page\" title=\"Page 2\">\n<div class=\"section\">\n<div class=\"layoutArea\">\n<div class=\"column\">\n<div class=\"page\" title=\"Page 1\">\n<div class=\"section\">\n<div class=\"layoutArea\">\n<div class=\"column\">\n<h2>High-speed transmissions (satellite, 5G, IP)<\/h2>\n<\/div>\n<\/div>\n<\/div>\n<\/div>\n<\/div>\n<\/div>\n<\/div>\n<\/div>\n\t<\/div>\n<\/div>\n\n\n\n\n<div class=\"wpb_text_column wpb_content_element\" >\n\t<div class=\"wpb_wrapper\">\n\t\t<div class=\"page\" title=\"Page 2\">\n<div class=\"section\">\n<div class=\"layoutArea\">\n<div class=\"column\">\n<div class=\"page\" title=\"Page 1\">\n<div class=\"section\">\n<div class=\"layoutArea\">\n<div class=\"column\">\n<p>Point-to-point transmission, Full duplex (bidirectional transmission between 2 locations), Multiplex (multipoint link for interactivity between multiple locations), 4G\/5G, FreeLens offers all the solutions tailored to your needs.<\/p>\n<p>We have our own transmission vehicles (SNG) covering all of Europe. Our SNGs are equipped with the latest HD encoding technologies. Onboard redundancy (inverters, backup power generators, backup encoders) ensures increased live broadcast security.<\/p>\n<\/div>\n<\/div>\n<\/div>\n<\/div>\n<\/div>\n<\/div>\n<\/div>\n<\/div>\n\t<\/div>\n<\/div>\n\n\n\n\n\t\t\t<\/div> \n\t\t<\/div>\n\t<\/div> \n\n\t<div  class=\"vc_col-sm-6 vc_col-xs-12 wpb_column column_container vc_column_container col has-animation no-extra-padding right_margin_phone_0px left_margin_phone_0px inherit_tablet no-extra-padding_phone\"  data-padding-pos=\"all\" data-has-bg-color=\"false\" data-bg-color=\"\" data-bg-opacity=\"1\" data-animation=\"reveal-from-right\" data-delay=\"0\" >\n\t\t<div class=\"vc_column-inner\" >\n\t\t\t<div class=\"wpb_wrapper\">\n\t\t\t\t<div class=\"divider-wrap\" data-alignment=\"default\"><div style=\"height: 80px;\" class=\"divider\"><\/div><\/div><div class=\"img-with-aniamtion-wrap center custom-size\" data-max-width=\"100%\" data-max-width-mobile=\"150%\" data-shadow=\"none\" data-animation=\"none\" >\n      <div class=\"inner\">\n        <div class=\"hover-wrap\"> \n          <div class=\"hover-wrap-inner\">\n            <img loading=\"lazy\" decoding=\"async\" class=\"img-with-animation skip-lazy\" data-delay=\"0\" height=\"1000\" width=\"1500\" data-animation=\"none\" src=\"https:\/\/www.freelenstv.com\/wp-content\/uploads\/2022\/06\/0-freelens-antennes-satellites-duplex-transmission-evenement.jpg\" alt=\"\" srcset=\"https:\/\/www.freelenstv.com\/wp-content\/uploads\/2022\/06\/0-freelens-antennes-satellites-duplex-transmission-evenement.jpg 1500w, https:\/\/www.freelenstv.com\/wp-content\/uploads\/2022\/06\/0-freelens-antennes-satellites-duplex-transmission-evenement-300x200.jpg 300w, https:\/\/www.freelenstv.com\/wp-content\/uploads\/2022\/06\/0-freelens-antennes-satellites-duplex-transmission-evenement-1024x683.jpg 1024w, https:\/\/www.freelenstv.com\/wp-content\/uploads\/2022\/06\/0-freelens-antennes-satellites-duplex-transmission-evenement-768x512.jpg 768w, https:\/\/www.freelenstv.com\/wp-content\/uploads\/2022\/06\/0-freelens-antennes-satellites-duplex-transmission-evenement-900x600.jpg 900w\" sizes=\"auto, (max-width: 1500px) 100vw, 1500px\" \/>\n          <\/div>\n        <\/div>\n      <\/div>\n    <\/div><div class=\"divider-wrap\" data-alignment=\"default\"><div style=\"height: 40px;\" class=\"divider\"><\/div><\/div>\n\t\t\t<\/div> \n\t\t<\/div>\n\t<\/div> \n<\/div><\/div>\n\t\t<div id=\"fws_69fb2fe75e035\"  data-column-margin=\"default\" data-midnight=\"dark\" data-bottom-percent=\"3%\"  class=\"wpb_row vc_row-fluid vc_row\"  style=\"padding-top: 0px; padding-bottom: calc(100vw * 0.03); \"><div class=\"row-bg-wrap\" data-bg-animation=\"none\" data-bg-overlay=\"false\"><div class=\"inner-wrap\"><div class=\"row-bg viewport-desktop\"  style=\"\"><\/div><\/div><\/div><div class=\"row_col_wrap_12 col span_12 dark left\">\n\t<div  class=\"vc_col-sm-12 wpb_column column_container vc_column_container col has-animation no-extra-padding inherit_tablet inherit_phone\"  data-padding-pos=\"all\" data-has-bg-color=\"false\" data-bg-color=\"\" data-bg-opacity=\"1\" data-animation=\"reveal-from-right\" data-delay=\"0\" >\n\t\t<div class=\"vc_column-inner\" >\n\t\t\t<div class=\"wpb_wrapper\">\n\t\t\t\t\n<div class=\"wpb_text_column wpb_content_element\" >\n\t<div class=\"wpb_wrapper\">\n\t\t<p>For distant destinations, our portable fly-away antennas travel by plane as regular checked baggage under the IATA standard. Our cooperation agreements with satellite networks (Eutelsat, Intelsat, SES, etc.) allow us to promptly reserve bandwidth on all satellites worldwide to meet any demand.<\/p>\n<p>To quickly set up a duplex with a lightweight team anywhere without loss of quality, we have the LiveU system using 4G\/5G technology.<\/p>\n\t<\/div>\n<\/div>\n\n\n\n\n\t\t\t<\/div> \n\t\t<\/div>\n\t<\/div> \n<\/div><\/div>\n\t\t<div id=\"expertises\"  data-column-margin=\"default\" data-midnight=\"dark\" data-top-percent=\"3%\" data-bottom-percent=\"2%\"  class=\"wpb_row vc_row-fluid vc_row full-width-section vc_row-o-equal-height vc_row-flex vc_row-o-content-middle  reverse_columns_column_phone top_padding_phone_0px bottom_padding_phone_0px right_padding_phone_0px left_padding_phone_0px\"  style=\"padding-top: calc(100vw * 0.03); padding-bottom: calc(100vw * 0.02); \"><div class=\"row-bg-wrap\" data-bg-animation=\"none\" data-bg-overlay=\"false\"><div class=\"inner-wrap using-image\"><div class=\"row-bg viewport-desktop using-image\"  style=\"background-image: url(https:\/\/www.freelenstv.com\/wp-content\/uploads\/2022\/06\/essai-fond-sans-transparence-3.png); background-position: center center; background-repeat: no-repeat; \"><\/div><\/div><\/div><div class=\"row_col_wrap_12 col span_12 dark left\">\n\t<div style=\"margin-top: 30px; \" class=\"vc_col-sm-6 vc_col-xs-12 wpb_column column_container vc_column_container col has-animation no-extra-padding top_margin_phone_0px bottom_margin_phone_0px right_margin_phone_0px left_margin_phone_0px inherit_tablet no-extra-padding_phone\"  data-padding-pos=\"top-right\" data-has-bg-color=\"false\" data-bg-color=\"\" data-bg-opacity=\"1\" data-animation=\"reveal-from-left\" data-delay=\"0\" >\n\t\t<div class=\"vc_column-inner\" >\n\t\t\t<div class=\"wpb_wrapper\">\n\t\t\t\t<div class=\"img-with-aniamtion-wrap center custom-size margin_top_phone_0px margin_right_phone_0px margin_bottom_phone_0px margin_left_phone_0px\" data-max-width=\"100%\" data-max-width-mobile=\"150%\" data-shadow=\"none\" data-animation=\"none\" >\n      <div class=\"inner\">\n        <div class=\"hover-wrap\"> \n          <div class=\"hover-wrap-inner\">\n            <img loading=\"lazy\" decoding=\"async\" class=\"img-with-animation skip-lazy\" data-delay=\"0\" height=\"944\" width=\"1500\" data-animation=\"none\" src=\"https:\/\/www.freelenstv.com\/wp-content\/uploads\/2022\/06\/3-freelens-transmission-connexion-IP-connection-SDSL-.jpg\" alt=\"\" srcset=\"https:\/\/www.freelenstv.com\/wp-content\/uploads\/2022\/06\/3-freelens-transmission-connexion-IP-connection-SDSL-.jpg 1500w, https:\/\/www.freelenstv.com\/wp-content\/uploads\/2022\/06\/3-freelens-transmission-connexion-IP-connection-SDSL--300x189.jpg 300w, https:\/\/www.freelenstv.com\/wp-content\/uploads\/2022\/06\/3-freelens-transmission-connexion-IP-connection-SDSL--1024x644.jpg 1024w, https:\/\/www.freelenstv.com\/wp-content\/uploads\/2022\/06\/3-freelens-transmission-connexion-IP-connection-SDSL--768x483.jpg 768w\" sizes=\"auto, (max-width: 1500px) 100vw, 1500px\" \/>\n          <\/div>\n        <\/div>\n      <\/div>\n    <\/div>\n\t\t\t<\/div> \n\t\t<\/div>\n\t<\/div> \n\n\t<div  class=\"vc_col-sm-6 vc_col-xs-12 wpb_column column_container vc_column_container col has-animation no-extra-padding right_margin_phone_0px left_margin_phone_0px inherit_tablet no-extra-padding_phone\"  data-padding-pos=\"all\" data-has-bg-color=\"false\" data-bg-color=\"\" data-bg-opacity=\"1\" data-animation=\"reveal-from-left\" data-delay=\"0\" >\n\t\t<div class=\"vc_column-inner\" >\n\t\t\t<div class=\"wpb_wrapper\">\n\t\t\t\t<div class=\"divider-wrap\" data-alignment=\"default\"><div style=\"height: 40px;\" class=\"divider\"><\/div><\/div>\n<div class=\"wpb_text_column wpb_content_element\" >\n\t<div class=\"wpb_wrapper\">\n\t\t<div class=\"page\" title=\"Page 2\">\n<div class=\"section\">\n<div class=\"layoutArea\">\n<div class=\"column\">\n<div class=\"page\" title=\"Page 1\">\n<div class=\"section\">\n<div class=\"layoutArea\">\n<div class=\"column\">\n<h2>Internet, a plug-and-play solution everywhere<\/h2>\n<\/div>\n<\/div>\n<\/div>\n<\/div>\n<\/div>\n<\/div>\n<\/div>\n<\/div>\n\t<\/div>\n<\/div>\n\n\n\n\n<div class=\"wpb_text_column wpb_content_element\" >\n\t<div class=\"wpb_wrapper\">\n\t\t<div class=\"page\" title=\"Page 2\">\n<div class=\"section\">\n<div class=\"layoutArea\">\n<div class=\"column\">\n<div class=\"page\" title=\"Page 1\">\n<div class=\"section\">\n<div class=\"layoutArea\">\n<div class=\"column\">\n<p>To overcome the absence of networks, we provide high-speed connectivity wherever you are. Our satellite IP connections, using the NewsSpotter service, guarantee speeds of up to 10Mbps in both upload and download. These speeds allow for sending a feed to an HD TV channel, streaming in HD on the web, establishing point-to-point connections, and going live from any location, even if it's not connected.<\/p>\n<p>Our satellite vehicles and portable Ka Sat antennas ensure SDSL connectivity for livestreaming, internet access for mobile press rooms, the creation of Wi-Fi hotspots in \"offline\" areas, mobile web access for remote offices, and IP telephony.<\/p>\n<\/div>\n<\/div>\n<\/div>\n<\/div>\n<\/div>\n<\/div>\n<\/div>\n<\/div>\n\t<\/div>\n<\/div>\n\n\n\n\n\t\t\t<\/div> \n\t\t<\/div>\n\t<\/div> \n<\/div><\/div>\n\t\t<div id=\"fws_69fb2fe75fac3\"  data-column-margin=\"default\" data-midnight=\"dark\"  class=\"wpb_row vc_row-fluid vc_row\"  style=\"padding-top: 0px; padding-bottom: 0px; \"><div class=\"row-bg-wrap\" data-bg-animation=\"none\" data-bg-overlay=\"false\"><div class=\"inner-wrap\"><div class=\"row-bg viewport-desktop\"  style=\"\"><\/div><\/div><\/div><div class=\"row_col_wrap_12 col span_12 dark left\">\n\t<div  class=\"vc_col-sm-12 wpb_column column_container vc_column_container col no-extra-padding inherit_tablet inherit_phone\"  data-padding-pos=\"all\" data-has-bg-color=\"false\" data-bg-color=\"\" data-bg-opacity=\"1\" data-animation=\"\" data-delay=\"0\" >\n\t\t<div class=\"vc_column-inner\" >\n\t\t\t<div class=\"wpb_wrapper\">\n\t\t\t\t<div class=\"divider-wrap\" data-alignment=\"default\"><div style=\"height: 60px;\" class=\"divider\"><\/div><\/div>\n\t\t\t<\/div> \n\t\t<\/div>\n\t<\/div> \n<\/div><\/div>\n\t\t<div id=\"fws_69fb2fe76022f\"  data-column-margin=\"default\" data-midnight=\"dark\"  class=\"wpb_row vc_row-fluid vc_row\"  style=\"padding-top: 0px; padding-bottom: 0px; \"><div class=\"row-bg-wrap\" data-bg-animation=\"none\" data-bg-overlay=\"false\"><div class=\"inner-wrap\"><div class=\"row-bg viewport-desktop\"  style=\"\"><\/div><\/div><\/div><div class=\"row_col_wrap_12 col span_12 dark center\">\n\t<div  class=\"vc_col-sm-12 wpb_column column_container vc_column_container col no-extra-padding inherit_tablet inherit_phone\"  data-padding-pos=\"all\" data-has-bg-color=\"false\" data-bg-color=\"\" data-bg-opacity=\"1\" data-animation=\"\" data-delay=\"0\" >\n\t\t<div class=\"vc_column-inner\" >\n\t\t\t<div class=\"wpb_wrapper\">\n\t\t\t\t<a class=\"nectar-button jumbo regular accent-color  wpb_animate_when_almost_visible wpb_fadeIn fadeIn regular-button\"  style=\"margin-top: 3px; margin-bottom: 3px; \"  href=\"https:\/\/www.freelenstv.com\/en\/realisations\/\" data-color-override=\"false\" data-hover-color-override=\"false\" data-hover-text-color-override=\"#fff\"><span>Discover our work<\/span><\/a>\n\t\t\t<\/div> \n\t\t<\/div>\n\t<\/div> \n<\/div><\/div>\n\t\t<div id=\"fws_69fb2fe760aae\"  data-column-margin=\"default\" data-midnight=\"dark\"  class=\"wpb_row vc_row-fluid vc_row\"  style=\"padding-top: 0px; padding-bottom: 0px; \"><div class=\"row-bg-wrap\" data-bg-animation=\"none\" data-bg-overlay=\"false\"><div class=\"inner-wrap\"><div class=\"row-bg viewport-desktop\"  style=\"\"><\/div><\/div><\/div><div class=\"row_col_wrap_12 col span_12 dark left\">\n\t<div  class=\"vc_col-sm-12 wpb_column column_container vc_column_container col no-extra-padding inherit_tablet inherit_phone\"  data-padding-pos=\"all\" data-has-bg-color=\"false\" data-bg-color=\"\" data-bg-opacity=\"1\" data-animation=\"\" data-delay=\"0\" >\n\t\t<div class=\"vc_column-inner\" >\n\t\t\t<div class=\"wpb_wrapper\">\n\t\t\t\t<div class=\"divider-wrap\" data-alignment=\"default\"><div style=\"height: 100px;\" class=\"divider\"><\/div><\/div>\n\t\t\t<\/div> \n\t\t<\/div>\n\t<\/div> \n<\/div><\/div>\n\t<div  class=\"vc_col-sm-2 wpb_column column_container vc_column_container col no-extra-padding inherit_tablet inherit_phone\"  data-padding-pos=\"all\" data-has-bg-color=\"false\" data-bg-color=\"\" data-bg-opacity=\"1\" data-animation=\"\" data-delay=\"0\" >\n\t\t<div class=\"vc_column-inner\" >\n\t\t\t<div class=\"wpb_wrapper\">\n\t\t\t\t\n\t\t\t<\/div> \n\t\t<\/div>\n\t<\/div>","protected":false},"excerpt":{"rendered":"Equip\u00e9e depuis les ann\u00e9es 90 d\u2019antennes satellites, FreeLens a transmis des \u00e9v\u00e9nements majeurs qui ont marqu\u00e9 l\u2019histoire de ces derni\u00e8res ann\u00e9es. \u00c9lections pr\u00e9sidentielles en France, obs\u00e8ques de Nelson Mandela en...","protected":false},"author":1,"featured_media":0,"parent":0,"menu_order":0,"comment_status":"closed","ping_status":"closed","template":"","meta":{"footnotes":""},"class_list":["post-6556","page","type-page","status-publish"],"yoast_head":"<!-- This site is optimized with the Yoast SEO plugin v19.7.1 - https:\/\/yoast.com\/wordpress\/plugins\/seo\/ -->\n<title>Transmissions - FreeLens TV<\/title>\n<meta name=\"robots\" content=\"index, follow, max-snippet:-1, max-image-preview:large, max-video-preview:-1\" \/>\n<link rel=\"canonical\" href=\"https:\/\/www.freelenstv.com\/en\/transmissions\/\" \/>\n<meta property=\"og:locale\" content=\"en_GB\" \/>\n<meta property=\"og:type\" content=\"article\" \/>\n<meta property=\"og:title\" content=\"Transmissions - FreeLens TV\" \/>\n<meta property=\"og:url\" content=\"https:\/\/www.freelenstv.com\/en\/transmissions\/\" \/>\n<meta property=\"og:site_name\" content=\"FreeLens TV\" \/>\n<meta property=\"article:modified_time\" content=\"2022-06-28T13:44:53+00:00\" \/>\n<meta name=\"twitter:card\" content=\"summary_large_image\" \/>\n<meta name=\"twitter:label1\" content=\"Estimated reading time\" \/>\n\t<meta name=\"twitter:data1\" content=\"14 minutes\" \/>\n<script type=\"application\/ld+json\" class=\"yoast-schema-graph\">{\"@context\":\"https:\/\/schema.org\",\"@graph\":[{\"@type\":\"WebPage\",\"@id\":\"https:\/\/www.freelenstv.com\/transmissions\/\",\"url\":\"https:\/\/www.freelenstv.com\/transmissions\/\",\"name\":\"Transmissions - FreeLens TV\",\"isPartOf\":{\"@id\":\"https:\/\/www.freelenstv.com\/#website\"},\"datePublished\":\"2022-04-14T08:22:08+00:00\",\"dateModified\":\"2022-06-28T13:44:53+00:00\",\"breadcrumb\":{\"@id\":\"https:\/\/www.freelenstv.com\/transmissions\/#breadcrumb\"},\"inLanguage\":\"en-GB\",\"potentialAction\":[{\"@type\":\"ReadAction\",\"target\":[\"https:\/\/www.freelenstv.com\/transmissions\/\"]}]},{\"@type\":\"BreadcrumbList\",\"@id\":\"https:\/\/www.freelenstv.com\/transmissions\/#breadcrumb\",\"itemListElement\":[{\"@type\":\"ListItem\",\"position\":1,\"name\":\"Home\",\"item\":\"https:\/\/www.freelenstv.com\/\"},{\"@type\":\"ListItem\",\"position\":2,\"name\":\"Transmissions\"}]},{\"@type\":\"WebSite\",\"@id\":\"https:\/\/www.freelenstv.com\/#website\",\"url\":\"https:\/\/www.freelenstv.com\/\",\"name\":\"FreeLens TV\",\"description\":\"\",\"potentialAction\":[{\"@type\":\"SearchAction\",\"target\":{\"@type\":\"EntryPoint\",\"urlTemplate\":\"https:\/\/www.freelenstv.com\/?s={search_term_string}\"},\"query-input\":\"required name=search_term_string\"}],\"inLanguage\":\"en-GB\"}]}<\/script>\n<!-- \/ Yoast SEO plugin. -->","yoast_head_json":{"title":"Transmissions - FreeLens TV","robots":{"index":"index","follow":"follow","max-snippet":"max-snippet:-1","max-image-preview":"max-image-preview:large","max-video-preview":"max-video-preview:-1"},"canonical":"https:\/\/www.freelenstv.com\/en\/transmissions\/","og_locale":"en_GB","og_type":"article","og_title":"Transmissions - FreeLens TV","og_url":"https:\/\/www.freelenstv.com\/en\/transmissions\/","og_site_name":"FreeLens TV","article_modified_time":"2022-06-28T13:44:53+00:00","twitter_card":"summary_large_image","twitter_misc":{"Estimated reading time":"14 minutes"},"schema":{"@context":"https:\/\/schema.org","@graph":[{"@type":"WebPage","@id":"https:\/\/www.freelenstv.com\/transmissions\/","url":"https:\/\/www.freelenstv.com\/transmissions\/","name":"Transmissions - FreeLens TV","isPartOf":{"@id":"https:\/\/www.freelenstv.com\/#website"},"datePublished":"2022-04-14T08:22:08+00:00","dateModified":"2022-06-28T13:44:53+00:00","breadcrumb":{"@id":"https:\/\/www.freelenstv.com\/transmissions\/#breadcrumb"},"inLanguage":"en-GB","potentialAction":[{"@type":"ReadAction","target":["https:\/\/www.freelenstv.com\/transmissions\/"]}]},{"@type":"BreadcrumbList","@id":"https:\/\/www.freelenstv.com\/transmissions\/#breadcrumb","itemListElement":[{"@type":"ListItem","position":1,"name":"Home","item":"https:\/\/www.freelenstv.com\/"},{"@type":"ListItem","position":2,"name":"Transmissions"}]},{"@type":"WebSite","@id":"https:\/\/www.freelenstv.com\/#website","url":"https:\/\/www.freelenstv.com\/","name":"FreeLens TV","description":"","potentialAction":[{"@type":"SearchAction","target":{"@type":"EntryPoint","urlTemplate":"https:\/\/www.freelenstv.com\/?s={search_term_string}"},"query-input":"required name=search_term_string"}],"inLanguage":"en-GB"}]}},"_links":{"self":[{"href":"https:\/\/www.freelenstv.com\/en\/wp-json\/wp\/v2\/pages\/6556","targetHints":{"allow":["GET"]}}],"collection":[{"href":"https:\/\/www.freelenstv.com\/en\/wp-json\/wp\/v2\/pages"}],"about":[{"href":"https:\/\/www.freelenstv.com\/en\/wp-json\/wp\/v2\/types\/page"}],"author":[{"embeddable":true,"href":"https:\/\/www.freelenstv.com\/en\/wp-json\/wp\/v2\/users\/1"}],"replies":[{"embeddable":true,"href":"https:\/\/www.freelenstv.com\/en\/wp-json\/wp\/v2\/comments?post=6556"}],"version-history":[{"count":55,"href":"https:\/\/www.freelenstv.com\/en\/wp-json\/wp\/v2\/pages\/6556\/revisions"}],"predecessor-version":[{"id":7708,"href":"https:\/\/www.freelenstv.com\/en\/wp-json\/wp\/v2\/pages\/6556\/revisions\/7708"}],"wp:attachment":[{"href":"https:\/\/www.freelenstv.com\/en\/wp-json\/wp\/v2\/media?parent=6556"}],"curies":[{"name":"wp","href":"https:\/\/api.w.org\/{rel}","templated":true}]}}